{"id":6122,"date":"2017-12-07T09:55:20","date_gmt":"2017-12-07T08:55:20","guid":{"rendered":"https:\/\/pixelys-maquette.fr\/wordpress\/ambrelec\/?page_id=6122"},"modified":"2017-12-07T09:59:02","modified_gmt":"2017-12-07T08:59:02","slug":"mentions-legales","status":"publish","type":"page","link":"https:\/\/ambrelec.com\/en\/mentions-legales\/","title":{"rendered":"Mentions l\u00e9gales"},"content":{"rendered":"<div class=\"wpb-content-wrapper\"><p>[vc_row][vc_column][vc_column_text]<strong>L\u2019\u00c9diteur du site<\/strong><\/p>\n<div align=\"left\">Le pr\u00e9sent site &#8220;<a href=\"http:\/\/www.ambrelec.com\">&#8220;www.ambrec.com&#8221;<\/a> est la propri\u00e9t\u00e9 de &#8220;AMBRELEC&#8221;, immatricul\u00e9e au registre du commerce et des soci\u00e9t\u00e9s de MEAUX sous le num\u00e9ro 391 787 801, dont le si\u00e8ge social est situ\u00e9:<\/div>\n<div align=\"left\">11, rue de Courtalin<\/div>\n<div align=\"left\">Batiment c<\/div>\n<div align=\"left\">77700 MAGNY LE HONGRE<\/div>\n<div align=\"left\"><\/div>\n<p>Le directeur de la publication du site est Monsieur Jean-Francois GUERIN..<br \/>\nLe site est h\u00e9berg\u00e9 par la soci\u00e9t\u00e9 OVH, SAS au capital de 10 059 500,00 \u20ac \u2013 Si\u00e8ge social : 2 rue Kellermann \u2013 59100 Roubaix \u2013 France.<br \/>\nL\u2019ensemble de ce site rel\u00e8ve de la l\u00e9gislation Fran\u00e7aise et internationale sur le droit d\u2019auteur et la propri\u00e9t\u00e9 intellectuelle. Tous les droits de reproduction sont r\u00e9serv\u00e9s, y compris pour les documents iconographiques et photographiques.<\/p>\n<p><strong>L\u2019utilisateur<\/strong><br \/>\nToute personne ayant acc\u00e8s au Site, quelle que soit sa qualit\u00e9 (particulier ou professionnel), le lieu o\u00f9 elle se trouve, les modalit\u00e9s de connexion au Site, l\u2019objet et la finalit\u00e9 de son acc\u00e8s \u00e0 l\u2019information publi\u00e9e sur le Site, est un Utilisateur du Site.<br \/>\nL\u2019utilisateur est inform\u00e9 des risques inh\u00e9rents \u00e0 l\u2019Internet, tout particuli\u00e8rement en terme de :<br \/>\n\u2013 D\u00e9faut de s\u00e9curit\u00e9 dans la transmission des donn\u00e9es.<br \/>\n\u2013 Continuit\u00e9 non garantie dans l\u2019acc\u00e8s au Site ou aux diff\u00e9rents services offerts par le Site.<\/p>\n<p>En aucun cas, l\u2019Editeur ne saurait \u00eatre tenu responsable de ces risques et de leurs cons\u00e9quences, pr\u00e9judiciables, quelle qu\u2019en soit l\u2019\u00e9tendue, pour l\u2019utilisateur. Il appartient \u00e0 chaque Utilisateur de prendre toutes les mesures appropri\u00e9es de fa\u00e7on \u00e0 prot\u00e9ger ses propres donn\u00e9es, logiciels et mat\u00e9riels de la contamination par des virus ou autres formes d\u2019attaques circulant \u00e9ventuellement \u00e0 travers le Site ou les informations publi\u00e9es.<br \/>\nL\u2019utilisateur ne saurait se pr\u00e9valoir d\u2019aucune difficult\u00e9 d\u2019acc\u00e8s au Site pour acc\u00e9der \u00e0 l\u2019information en fraude des pr\u00e9sentes Conditions G\u00e9n\u00e9rales d\u2019utilisation. Pour \u00eatre prises en compte les r\u00e9clamations de l\u2019Utilisateur devront \u00eatre adress\u00e9es \u00e0 l\u2019Editeur par la voie postale uniquement sous la forme recommand\u00e9e avec accus\u00e9 de r\u00e9ception \u00e0 l\u2019adresse vis\u00e9e ci-dessus.<\/p>\n<p><strong>L\u2019administrateur du site<\/strong><br \/>\nLa fonction de l\u2019administrateur du Site est de garantir le bon fonctionnement de celui-ci et de veiller \u00e0 sa s\u00e9curit\u00e9. Il entre dans sa mission de faciliter l\u2019application des pr\u00e9sentes Conditions G\u00e9n\u00e9rales d\u2019Utilisation et de s\u2019assurer du comportement loyal et responsable de chaque Utilisateur.<\/p>\n<p><strong>Donn\u00e9es personnelles<\/strong><br \/>\nEn application des dispositions de la loi n\u00b0 78-17 du 6 janvier 1978 dite \u00ab\u00a0Informatique et Libert\u00e9s\u00a0\u00bb modifi\u00e9e, toute personne physique dispose des droits d\u2019acc\u00e8s, de modification, de rectification et de suppression des donn\u00e9es la concernant. L\u2019exercice de ces droits s\u2019effectue \u00e0 tout moment par la voie postale \u00e0 l\u2019adresse suivante :<\/p>\n<div align=\"left\">AMBRELEC<\/div>\n<div align=\"left\">11, rue de Courtalin<\/div>\n<div align=\"left\">Batiment C<\/div>\n<div align=\"left\">77700 MAGNY LE HONGRE<\/div>\n<div align=\"left\"><\/div>\n<p>Toute Utilisation du Site est enregistr\u00e9e. L\u2019Utilisateur est inform\u00e9 de la facult\u00e9 laiss\u00e9e \u00e0 l\u2019Editeur de mettre en place des collecteurs automatis\u00e9s de donn\u00e9es afin d\u2019identifier l\u2019Utilisateur et ses visites successives sur le Site. Dans certains cas, l\u2019Utilisateur peut \u00eatre amen\u00e9 \u00e0 fournir des donn\u00e9es \u00e0 caract\u00e8re personnel \u00e0 des fins statistiques. Par ailleurs, l\u2019Utilisateur est inform\u00e9 de ce que ces donn\u00e9es pourront \u00eatre utilis\u00e9es \u00e0 des fins de prospection directe pour des produits ou services analogues par l\u2019Editeur du Site. L\u2019Utilisateur peut avoir acc\u00e8s \u00e0 ces donn\u00e9es et peut s\u2019opposer gratuitement \u00e0 ces utilisations en \u00e9crivant \u00e0 l\u2019adresse indiqu\u00e9e ci-dessus.<br \/>\nToute autre prospection par l\u2019Editeur du Site ou toute cession \u00e0 des tiers (partenaires commerciaux etc.) de ces donn\u00e9es sera soumise au pr\u00e9alable \u00e0 l\u2019accord expr\u00e8s de l\u2019Utilisateur. L\u2019Editeur du Site s\u2019engage \u00e0 prendre des pr\u00e9cautions techniques reconnues afin de pr\u00e9server la s\u00e9curit\u00e9 des donn\u00e9es \u00e0 caract\u00e8re personnel et notamment emp\u00eacher qu\u2019elles ne soient d\u00e9form\u00e9es, endommag\u00e9es ou communiqu\u00e9es \u00e0 des tiers non autoris\u00e9s.<\/p>\n<p><strong>Cr\u00e9ation et d\u00e9veloppement du site<\/strong><br \/>\nPIXELYS<br \/>\n5, rue Delaroche<br \/>\n77340 PONTAULT<br \/>\nT\u00e9l.: 01 60 29 91 94<br \/>\n<a href=\"mailto:contact@pixelys.fr\" target=\"_blank\" rel=\"noopener noreferrer\">contact@pixelys.fr<\/a><br \/>\n<a href=\"http:\/\/www.pixelys.fr\/\" target=\"_blank\" rel=\"noopener noreferrer\">www.pixelys.fr<\/a>[\/vc_column_text][\/vc_column][\/vc_row]<\/p>\n<\/div>","protected":false},"excerpt":{"rendered":"<p>[vc_row][vc_column][vc_column_text]L\u2019\u00c9diteur du site Le pr\u00e9sent site &#8220;&#8220;www.ambrec.com&#8221; est la propri\u00e9t\u00e9 de &#8220;AMBRELEC&#8221;, immatricul\u00e9e au registre du commerce et des soci\u00e9t\u00e9s de MEAUX sous le num\u00e9ro 391 787 801, dont le si\u00e8ge social est situ\u00e9: 11, rue de Courtalin Batiment c 77700 MAGNY LE HONGRE Le directeur de la publication du site est Monsieur Jean-Francois GUERIN..&hellip;<\/p>\n","protected":false},"author":4,"featured_media":0,"parent":0,"menu_order":12,"comment_status":"closed","ping_status":"closed","template":"","meta":{"footnotes":""},"class_list":["post-6122","page","type-page","status-publish","hentry","description-off"],"yoast_head":"<!-- This site is optimized with the Yoast SEO plugin v27.4 - https:\/\/yoast.com\/product\/yoast-seo-wordpress\/ -->\n<title>Mentions l\u00e9gales - Ambrelec<\/title>\n<meta name=\"robots\" content=\"index, follow, max-snippet:-1, max-image-preview:large, max-video-preview:-1\" \/>\n<link rel=\"canonical\" href=\"https:\/\/ambrelec.com\/en\/mentions-legales\/\" \/>\n<meta property=\"og:locale\" content=\"en_US\" \/>\n<meta property=\"og:type\" content=\"article\" \/>\n<meta property=\"og:title\" content=\"Mentions l\u00e9gales - Ambrelec\" \/>\n<meta property=\"og:description\" content=\"[vc_row][vc_column][vc_column_text]L\u2019\u00c9diteur du site Le pr\u00e9sent site &#8220;&#8220;www.ambrec.com&#8221; est la propri\u00e9t\u00e9 de &#8220;AMBRELEC&#8221;, immatricul\u00e9e au registre du commerce et des soci\u00e9t\u00e9s de MEAUX sous le num\u00e9ro 391 787 801, dont le si\u00e8ge social est situ\u00e9: 11, rue de Courtalin Batiment c 77700 MAGNY LE HONGRE Le directeur de la publication du site est Monsieur Jean-Francois GUERIN..&hellip;\" \/>\n<meta property=\"og:url\" content=\"https:\/\/ambrelec.com\/en\/mentions-legales\/\" \/>\n<meta property=\"og:site_name\" content=\"Ambrelec\" \/>\n<meta property=\"article:modified_time\" content=\"2017-12-07T08:59:02+00:00\" \/>\n<meta name=\"twitter:card\" content=\"summary_large_image\" \/>\n<meta name=\"twitter:label1\" content=\"Est. reading time\" \/>\n\t<meta name=\"twitter:data1\" content=\"4 minutes\" \/>\n<script type=\"application\/ld+json\" class=\"yoast-schema-graph\">{\"@context\":\"https:\\\/\\\/schema.org\",\"@graph\":[{\"@type\":\"WebPage\",\"@id\":\"https:\\\/\\\/ambrelec.com\\\/en\\\/mentions-legales\\\/\",\"url\":\"https:\\\/\\\/ambrelec.com\\\/en\\\/mentions-legales\\\/\",\"name\":\"Mentions l\u00e9gales - Ambrelec\",\"isPartOf\":{\"@id\":\"https:\\\/\\\/ambrelec.com\\\/#website\"},\"datePublished\":\"2017-12-07T08:55:20+00:00\",\"dateModified\":\"2017-12-07T08:59:02+00:00\",\"breadcrumb\":{\"@id\":\"https:\\\/\\\/ambrelec.com\\\/en\\\/mentions-legales\\\/#breadcrumb\"},\"inLanguage\":\"en-US\",\"potentialAction\":[{\"@type\":\"ReadAction\",\"target\":[\"https:\\\/\\\/ambrelec.com\\\/en\\\/mentions-legales\\\/\"]}]},{\"@type\":\"BreadcrumbList\",\"@id\":\"https:\\\/\\\/ambrelec.com\\\/en\\\/mentions-legales\\\/#breadcrumb\",\"itemListElement\":[{\"@type\":\"ListItem\",\"position\":1,\"name\":\"Home\",\"item\":\"https:\\\/\\\/ambrelec.com\\\/en\\\/\"},{\"@type\":\"ListItem\",\"position\":2,\"name\":\"Mentions l\u00e9gales\"}]},{\"@type\":\"WebSite\",\"@id\":\"https:\\\/\\\/ambrelec.com\\\/#website\",\"url\":\"https:\\\/\\\/ambrelec.com\\\/\",\"name\":\"Ambrelec\",\"description\":\"Composants \u00e9lectroniques\",\"publisher\":{\"@id\":\"https:\\\/\\\/ambrelec.com\\\/#organization\"},\"potentialAction\":[{\"@type\":\"SearchAction\",\"target\":{\"@type\":\"EntryPoint\",\"urlTemplate\":\"https:\\\/\\\/ambrelec.com\\\/?s={search_term_string}\"},\"query-input\":{\"@type\":\"PropertyValueSpecification\",\"valueRequired\":true,\"valueName\":\"search_term_string\"}}],\"inLanguage\":\"en-US\"},{\"@type\":\"Organization\",\"@id\":\"https:\\\/\\\/ambrelec.com\\\/#organization\",\"name\":\"Ambrelec\",\"url\":\"https:\\\/\\\/ambrelec.com\\\/\",\"logo\":{\"@type\":\"ImageObject\",\"inLanguage\":\"en-US\",\"@id\":\"https:\\\/\\\/ambrelec.com\\\/#\\\/schema\\\/logo\\\/image\\\/\",\"url\":\"https:\\\/\\\/ambrelec.com\\\/wp-content\\\/uploads\\\/2017\\\/12\\\/ambrelec-135.png\",\"contentUrl\":\"https:\\\/\\\/ambrelec.com\\\/wp-content\\\/uploads\\\/2017\\\/12\\\/ambrelec-135.png\",\"width\":270,\"height\":56,\"caption\":\"Ambrelec\"},\"image\":{\"@id\":\"https:\\\/\\\/ambrelec.com\\\/#\\\/schema\\\/logo\\\/image\\\/\"}}]}<\/script>\n<!-- \/ Yoast SEO plugin. -->","yoast_head_json":{"title":"Mentions l\u00e9gales - Ambrelec","robots":{"index":"index","follow":"follow","max-snippet":"max-snippet:-1","max-image-preview":"max-image-preview:large","max-video-preview":"max-video-preview:-1"},"canonical":"https:\/\/ambrelec.com\/en\/mentions-legales\/","og_locale":"en_US","og_type":"article","og_title":"Mentions l\u00e9gales - Ambrelec","og_description":"[vc_row][vc_column][vc_column_text]L\u2019\u00c9diteur du site Le pr\u00e9sent site &#8220;&#8220;www.ambrec.com&#8221; est la propri\u00e9t\u00e9 de &#8220;AMBRELEC&#8221;, immatricul\u00e9e au registre du commerce et des soci\u00e9t\u00e9s de MEAUX sous le num\u00e9ro 391 787 801, dont le si\u00e8ge social est situ\u00e9: 11, rue de Courtalin Batiment c 77700 MAGNY LE HONGRE Le directeur de la publication du site est Monsieur Jean-Francois GUERIN..&hellip;","og_url":"https:\/\/ambrelec.com\/en\/mentions-legales\/","og_site_name":"Ambrelec","article_modified_time":"2017-12-07T08:59:02+00:00","twitter_card":"summary_large_image","twitter_misc":{"Est. reading time":"4 minutes"},"schema":{"@context":"https:\/\/schema.org","@graph":[{"@type":"WebPage","@id":"https:\/\/ambrelec.com\/en\/mentions-legales\/","url":"https:\/\/ambrelec.com\/en\/mentions-legales\/","name":"Mentions l\u00e9gales - Ambrelec","isPartOf":{"@id":"https:\/\/ambrelec.com\/#website"},"datePublished":"2017-12-07T08:55:20+00:00","dateModified":"2017-12-07T08:59:02+00:00","breadcrumb":{"@id":"https:\/\/ambrelec.com\/en\/mentions-legales\/#breadcrumb"},"inLanguage":"en-US","potentialAction":[{"@type":"ReadAction","target":["https:\/\/ambrelec.com\/en\/mentions-legales\/"]}]},{"@type":"BreadcrumbList","@id":"https:\/\/ambrelec.com\/en\/mentions-legales\/#breadcrumb","itemListElement":[{"@type":"ListItem","position":1,"name":"Home","item":"https:\/\/ambrelec.com\/en\/"},{"@type":"ListItem","position":2,"name":"Mentions l\u00e9gales"}]},{"@type":"WebSite","@id":"https:\/\/ambrelec.com\/#website","url":"https:\/\/ambrelec.com\/","name":"Ambrelec","description":"Composants \u00e9lectroniques","publisher":{"@id":"https:\/\/ambrelec.com\/#organization"},"potentialAction":[{"@type":"SearchAction","target":{"@type":"EntryPoint","urlTemplate":"https:\/\/ambrelec.com\/?s={search_term_string}"},"query-input":{"@type":"PropertyValueSpecification","valueRequired":true,"valueName":"search_term_string"}}],"inLanguage":"en-US"},{"@type":"Organization","@id":"https:\/\/ambrelec.com\/#organization","name":"Ambrelec","url":"https:\/\/ambrelec.com\/","logo":{"@type":"ImageObject","inLanguage":"en-US","@id":"https:\/\/ambrelec.com\/#\/schema\/logo\/image\/","url":"https:\/\/ambrelec.com\/wp-content\/uploads\/2017\/12\/ambrelec-135.png","contentUrl":"https:\/\/ambrelec.com\/wp-content\/uploads\/2017\/12\/ambrelec-135.png","width":270,"height":56,"caption":"Ambrelec"},"image":{"@id":"https:\/\/ambrelec.com\/#\/schema\/logo\/image\/"}}]}},"_links":{"self":[{"href":"https:\/\/ambrelec.com\/en\/wp-json\/wp\/v2\/pages\/6122","targetHints":{"allow":["GET"]}}],"collection":[{"href":"https:\/\/ambrelec.com\/en\/wp-json\/wp\/v2\/pages"}],"about":[{"href":"https:\/\/ambrelec.com\/en\/wp-json\/wp\/v2\/types\/page"}],"author":[{"embeddable":true,"href":"https:\/\/ambrelec.com\/en\/wp-json\/wp\/v2\/users\/4"}],"replies":[{"embeddable":true,"href":"https:\/\/ambrelec.com\/en\/wp-json\/wp\/v2\/comments?post=6122"}],"version-history":[{"count":0,"href":"https:\/\/ambrelec.com\/en\/wp-json\/wp\/v2\/pages\/6122\/revisions"}],"wp:attachment":[{"href":"https:\/\/ambrelec.com\/en\/wp-json\/wp\/v2\/media?parent=6122"}],"curies":[{"name":"wp","href":"https:\/\/api.w.org\/{rel}","templated":true}]}}